{"id":84,"date":"2018-08-10T08:09:41","date_gmt":"2018-08-10T06:09:41","guid":{"rendered":"https:\/\/pcs-sn.com\/index.php\/showcase\/"},"modified":"2023-09-11T07:40:30","modified_gmt":"2023-09-11T05:40:30","slug":"showcase","status":"publish","type":"page","link":"https:\/\/pcs-sn.com\/index.php\/showcase\/","title":{"rendered":"Nos R\u00e9alisations"},"content":{"rendered":"\t\t<div data-elementor-type=\"wp-post\" data-elementor-id=\"84\" class=\"elementor elementor-84\">\n\t\t\t\t\t\t\t\t\t<section class=\"elementor-section elementor-top-section elementor-element elementor-element-fc75ad5 elementor-section-boxed elementor-section-height-default elementor-section-height-default\" data-id=\"fc75ad5\" data-element_type=\"section\">\n\t\t\t\t\t\t<div class=\"elementor-container elementor-column-gap-default\">\n\t\t\t\t\t<div class=\"aux-parallax-section elementor-column elementor-col-100 elementor-top-column elementor-element elementor-element-98d5a9b\" data-id=\"98d5a9b\" data-element_type=\"column\">\n\t\t\t<div class=\"elementor-widget-wrap elementor-element-populated\">\n\t\t\t\t\t\t\t\t<section class=\"elementor-section elementor-inner-section elementor-element elementor-element-ed44ca6 elementor-section-content-bottom elementor-section-boxed elementor-section-height-default elementor-section-height-default\" data-id=\"ed44ca6\" data-element_type=\"section\">\n\t\t\t\t\t\t<div class=\"elementor-container elementor-column-gap-default\">\n\t\t\t\t\t<div class=\"aux-parallax-section elementor-column elementor-col-50 elementor-inner-column elementor-element elementor-element-566f0e0 aux-appear-watch-animation aux-fade-in-right-2\" data-id=\"566f0e0\" data-element_type=\"column\">\n\t\t\t<div class=\"elementor-widget-wrap elementor-element-populated\">\n\t\t\t\t\t\t\t\t<div class=\"elementor-element elementor-element-4d4ba85 elementor-widget elementor-widget-aux_modern_heading\" data-id=\"4d4ba85\" data-element_type=\"widget\" data-widget_type=\"aux_modern_heading.default\">\n\t\t\t\t<div class=\"elementor-widget-container\">\n\t\t\t<section class=\"aux-widget-modern-heading\">\n            <div class=\"aux-widget-inner\"><h6 class=\"aux-modern-heading-primary\"><\/h6><h3 class=\"aux-modern-heading-secondary\"><span class=\"aux-head-before\">Quelques<\/span><span class=\"aux-head-highlight\">exemples<\/span><span class=\"aux-head-after\">de<\/span><\/h3><\/div>\n        <\/section>\t\t<\/div>\n\t\t\t\t<\/div>\n\t\t\t\t<div class=\"elementor-element elementor-element-81bfcf2 elementor-widget elementor-widget-aux_modern_heading\" data-id=\"81bfcf2\" data-element_type=\"widget\" data-widget_type=\"aux_modern_heading.default\">\n\t\t\t\t<div class=\"elementor-widget-container\">\n\t\t\t<section class=\"aux-widget-modern-heading\">\n            <div class=\"aux-widget-inner\"><h6 class=\"aux-modern-heading-primary\"><\/h6><h3 class=\"aux-modern-heading-secondary\"><span class=\"aux-head-before\">de nos r\u00e9alisations<\/span><\/h3><\/div>\n        <\/section>\t\t<\/div>\n\t\t\t\t<\/div>\n\t\t\t\t<div class=\"elementor-element elementor-element-3ac1d61 elementor-widget elementor-widget-aux_modern_heading\" data-id=\"3ac1d61\" data-element_type=\"widget\" data-widget_type=\"aux_modern_heading.default\">\n\t\t\t\t<div class=\"elementor-widget-container\">\n\t\t\t<section class=\"aux-widget-modern-heading\">\n            <div class=\"aux-widget-inner\"><h2 class=\"aux-modern-heading-primary\"><\/h2><h3 class=\"aux-modern-heading-secondary\"><span class=\"aux-head-before\">et de nos<\/span><span class=\"aux-head-highlight\">projets<\/span><\/h3><\/div>\n        <\/section>\t\t<\/div>\n\t\t\t\t<\/div>\n\t\t\t\t<div class=\"elementor-element elementor-element-c1fae9f elementor-widget elementor-widget-text-editor\" data-id=\"c1fae9f\" data-element_type=\"widget\" data-widget_type=\"text-editor.default\">\n\t\t\t\t<div class=\"elementor-widget-container\">\n\t\t\t<style>\/*! elementor - v3.15.0 - 20-08-2023 *\/\n.elementor-widget-text-editor.elementor-drop-cap-view-stacked .elementor-drop-cap{background-color:#69727d;color:#fff}.elementor-widget-text-editor.elementor-drop-cap-view-framed .elementor-drop-cap{color:#69727d;border:3px solid;background-color:transparent}.elementor-widget-text-editor:not(.elementor-drop-cap-view-default) .elementor-drop-cap{margin-top:8px}.elementor-widget-text-editor:not(.elementor-drop-cap-view-default) .elementor-drop-cap-letter{width:1em;height:1em}.elementor-widget-text-editor .elementor-drop-cap{float:left;text-align:center;line-height:1;font-size:50px}.elementor-widget-text-editor .elementor-drop-cap-letter{display:inline-block}<\/style>\t\t\t\t<div class=\"aux-bus2-title-divider\"><\/div>\t\t\t\t\t\t<\/div>\n\t\t\t\t<\/div>\n\t\t\t\t\t<\/div>\n\t\t<\/div>\n\t\t\t\t<div class=\"aux-parallax-section elementor-column elementor-col-50 elementor-inner-column elementor-element elementor-element-d503186 aux-appear-watch-animation aux-fade-in-right-2\" data-id=\"d503186\" data-element_type=\"column\">\n\t\t\t<div class=\"elementor-widget-wrap elementor-element-populated\">\n\t\t\t\t\t\t\t\t<div class=\"elementor-element elementor-element-3645aaa elementor-widget elementor-widget-text-editor\" data-id=\"3645aaa\" data-element_type=\"widget\" data-widget_type=\"text-editor.default\">\n\t\t\t\t<div class=\"elementor-widget-container\">\n\t\t\t\t\t\t\t<p>Chez PCS, notre engagement envers l&#8217;excellence se refl\u00e8te dans nos nombreuses r\u00e9alisations et projets r\u00e9ussis. Nous sommes fiers de partager quelques-unes de nos r\u00e9alisations les plus marquantes qui t\u00e9moignent de notre expertise et de notre engagement envers nos clients.<\/p><p>Ces exemples illustrent notre capacit\u00e9 \u00e0 relever des d\u00e9fis vari\u00e9s et \u00e0 apporter des solutions personnalis\u00e9es \u00e0 nos clients. Chez PCS, nous sommes d\u00e9termin\u00e9s \u00e0 r\u00e9aliser des projets innovants et \u00e0 contribuer \u00e0 un avenir plus s\u00fbr, plus efficace et plus respectueux de l&#8217;environnement. Si vous souhaitez en savoir plus sur nos r\u00e9alisations ou discuter de vos besoins sp\u00e9cifiques, n&#8217;h\u00e9sitez pas \u00e0 nous contacter.<\/p>\t\t\t\t\t\t<\/div>\n\t\t\t\t<\/div>\n\t\t\t\t\t<\/div>\n\t\t<\/div>\n\t\t\t\t\t\t\t<\/div>\n\t\t<\/section>\n\t\t\t\t<div class=\"elementor-element elementor-element-555273d aux-appear-watch-animation aux-fade-in-up-1 elementor-widget elementor-widget-aux_recent_portfolios_grid\" data-id=\"555273d\" data-element_type=\"widget\" data-settings=\"{&quot;columns_tablet&quot;:&quot;2&quot;,&quot;columns&quot;:&quot;4&quot;,&quot;columns_mobile&quot;:&quot;1&quot;}\" data-widget_type=\"aux_recent_portfolios_grid.default\">\n\t\t\t\t<div class=\"elementor-widget-container\">\n\t\t\t<section class=\"widget-container aux-widget-recent-portfolios aux-parent-au307668b6\" style=\"\" ><div class=\"aux-filters aux-dropdown-filter aux-right aux-isotope-filters\"><span class=\"aux-filter-by\">Category:<span class=\"aux-filter-name\">All<\/span><\/span><ul><li data-filter=\"all\" data-category-id=\"all\"><a href=\"#\"><span data-select=\"All\">All<\/span><\/a><\/li><li data-filter=\"energies-renouvelables\" data-category-id=\"13\" ><a href=\"#\"><span data-select=\"\u00c9NERGIES RENOUVELABLES\">\u00c9NERGIES RENOUVELABLES<\/span><\/a><\/li><li data-filter=\"securite-electronique\" data-category-id=\"12\" ><a href=\"#\"><span data-select=\"S\u00c9CURIT\u00c9 \u00c9LECTRONIQUE\">S\u00c9CURIT\u00c9 \u00c9LECTRONIQUE<\/span><\/a><\/li><\/ul><\/div><div id=\"6a02398b6df34\" data-element-id=\"au307668b6\" class=\"aux-portfolio-columns aux-ajax-view aux-isotope-animated aux-isotope-layout aux-layout-grid aux-no-gutter aux-row aux-match-height aux-de-col4 aux-tb-col2 aux-mb-col1\" data-lazyload=\"true\" data-space=\"5\" data-pagination=\"false\" data-deeplink=\"true\" data-slug=\"\" data-perpage=\"\" data-layout=\"fitRows\" data-reveal-transition-duration=\"600\" data-reveal-between-delay=\"60\" data-hide-transition-duration=\"600\" data-hide-between-delay=\"30\" data-num=\"8\" data-order=\"DESC\" data-orderby=\"date\" data-taxonomy=\"portfolio-cat\" data-n=\"6d5a1305d1\"><div class=\"aux-items-loading aux-loading-hide\"><div class=\"aux-loading-loop\"><svg class=\"aux-circle\" width=\"100%\" height=\"100%\" viewBox=\"0 0 42 42\"><circle class=\"aux-stroke-bg\" r=\"20\" cx=\"21\" cy=\"21\" fill=\"none\"><\/circle><circle class=\"aux-progress\" r=\"20\" cx=\"21\" cy=\"21\" fill=\"none\" transform=\"rotate(-90 21 21)\"><\/circle><\/svg><\/div><\/div><div class=\"aux-iso-item aux-loading aux-col securite-electronique\">                         <article class=\"aux-item-overlay aux-hover-active  post-97 portfolio type-portfolio status-publish has-post-thumbnail hentry portfolio-cat-securite-electronique portfolio-tag-uncategorized portfolio-filter-uncategorized\" >\n                                <div class=\"entry-media aux-frame-darken aux-frame-zoom \">\n                                    <div class=\"aux-media-frame aux-media-image\"><a href=\"https:\/\/pcs-sn.com\/index.php\/portfolio\/installation-camera-de-surveillance-alarme-bad-boys-complex-sports-loisirs\/\"><img width=\"490\" height=\"490\" class=\"aux-attachment aux-featured-image attachment-490x490 aux-attachment-id-194 \" alt=\"Cam Kiren17 1\" data-ratio=\"1\" data-original-w=\"768\" sizes=\"auto\" data-srcset=\"https:\/\/pcs-sn.com\/wp-content\/uploads\/2018\/05\/Cam-Kiren17-1-150x150.jpg 150w,https:\/\/pcs-sn.com\/wp-content\/uploads\/2018\/05\/Cam-Kiren17-1-300x300.jpg 300w,https:\/\/pcs-sn.com\/wp-content\/uploads\/2018\/05\/Cam-Kiren17-1.jpg 490w,https:\/\/pcs-sn.com\/wp-content\/uploads\/2018\/05\/Cam-Kiren17-1-758x758.jpg 758w\" data-src=\"https:\/\/pcs-sn.com\/wp-content\/uploads\/2018\/05\/Cam-Kiren17-1.jpg\" \/><\/a><\/div>                                <\/div>\n\n                                <div class=\"aux-overlay-content\">\n                                                                                                            <div class=\"entry-main\">\n\n                                                                        <header class=\"entry-header\">\n                                        <h3 class=\"entry-title aux-hover-move-up\">\n                                            <a href=\"https:\/\/pcs-sn.com\/index.php\/portfolio\/installation-camera-de-surveillance-alarme-bad-boys-complex-sports-loisirs\/\">\n                                                Installation Cam\u00e9ra de Surveillance &#038; Alarme (BAD BOYS COMPLEX SPORTS &#038; LOISIRS)                                            <\/a>\n                                        <\/h3>\n                                    <\/header>\n                                                                                                            <div class=\"entry-info aux-hover-move-up aux-delay-1x\">\n                                        <span class=\"entry-tax\">\n                                                                                        <a href=\"https:\/\/pcs-sn.com\/index.php\/portfolio-cat\/securite-electronique\/\" title=\"View all posts in S\u00c9CURIT\u00c9 \u00c9LECTRONIQUE\" rel=\"category\" >S\u00c9CURIT\u00c9 \u00c9LECTRONIQUE<\/a>                                        <\/span>\n                                    <\/div>\n                                                                                                            <\/div>\n                                                                <\/div>\n                        <\/article>\n<\/div><div class=\"aux-iso-item aux-loading aux-col securite-electronique\">                         <article class=\"aux-item-overlay aux-hover-active  post-98 portfolio type-portfolio status-publish has-post-thumbnail hentry portfolio-cat-securite-electronique portfolio-tag-uncategorized portfolio-filter-uncategorized\" >\n                                <div class=\"entry-media aux-frame-darken aux-frame-zoom \">\n                                    <div class=\"aux-media-frame aux-media-image\"><a href=\"https:\/\/pcs-sn.com\/index.php\/portfolio\/installation-camera-de-surveillance-alarme-centrale-de-groupe-electrogene-cimenterie-du-sahel\/\"><img width=\"490\" height=\"490\" class=\"aux-attachment aux-featured-image attachment-490x490 aux-attachment-id-213 \" alt=\"Cam Kiren7\" data-ratio=\"1\" data-original-w=\"768\" sizes=\"auto\" data-srcset=\"https:\/\/pcs-sn.com\/wp-content\/uploads\/2018\/05\/Cam-Kiren7-150x150.jpeg 150w,https:\/\/pcs-sn.com\/wp-content\/uploads\/2018\/05\/Cam-Kiren7-300x300.jpeg 300w,https:\/\/pcs-sn.com\/wp-content\/uploads\/2018\/05\/Cam-Kiren7.jpeg 490w,https:\/\/pcs-sn.com\/wp-content\/uploads\/2018\/05\/Cam-Kiren7-758x758.jpeg 758w\" data-src=\"https:\/\/pcs-sn.com\/wp-content\/uploads\/2018\/05\/Cam-Kiren7.jpeg\" \/><\/a><\/div>                                <\/div>\n\n                                <div class=\"aux-overlay-content\">\n                                                                                                            <div class=\"entry-main\">\n\n                                                                        <header class=\"entry-header\">\n                                        <h3 class=\"entry-title aux-hover-move-up\">\n                                            <a href=\"https:\/\/pcs-sn.com\/index.php\/portfolio\/installation-camera-de-surveillance-alarme-centrale-de-groupe-electrogene-cimenterie-du-sahel\/\">\n                                                Installation Cam\u00e9ra de Surveillance &#038; Alarme (CENTRALE DE GROUPE \u00c9LECTROG\u00c8NE CIMENTERIE DU SAHEL)                                            <\/a>\n                                        <\/h3>\n                                    <\/header>\n                                                                                                            <div class=\"entry-info aux-hover-move-up aux-delay-1x\">\n                                        <span class=\"entry-tax\">\n                                                                                        <a href=\"https:\/\/pcs-sn.com\/index.php\/portfolio-cat\/securite-electronique\/\" title=\"View all posts in S\u00c9CURIT\u00c9 \u00c9LECTRONIQUE\" rel=\"category\" >S\u00c9CURIT\u00c9 \u00c9LECTRONIQUE<\/a>                                        <\/span>\n                                    <\/div>\n                                                                                                            <\/div>\n                                                                <\/div>\n                        <\/article>\n<\/div><div class=\"aux-iso-item aux-loading aux-col securite-electronique\">                         <article class=\"aux-item-overlay aux-hover-active  post-99 portfolio type-portfolio status-publish has-post-thumbnail hentry portfolio-cat-securite-electronique portfolio-tag-uncategorized portfolio-filter-uncategorized\" >\n                                <div class=\"entry-media aux-frame-darken aux-frame-zoom \">\n                                    <div class=\"aux-media-frame aux-media-image\"><a href=\"https:\/\/pcs-sn.com\/index.php\/portfolio\/installation-camera-de-surveillance-alarme-yes-food-restaurant\/\"><img width=\"490\" height=\"490\" class=\"aux-attachment aux-featured-image attachment-490x490 aux-attachment-id-225 \" alt=\"cam YES FOOD 01\" data-ratio=\"1\" data-original-w=\"958\" sizes=\"auto\" data-srcset=\"https:\/\/pcs-sn.com\/wp-content\/uploads\/2018\/05\/cam-YES-FOOD-01-150x150.jpeg 150w,https:\/\/pcs-sn.com\/wp-content\/uploads\/2018\/05\/cam-YES-FOOD-01-300x300.jpeg 300w,https:\/\/pcs-sn.com\/wp-content\/uploads\/2018\/05\/cam-YES-FOOD-01-768x768.jpeg 768w,https:\/\/pcs-sn.com\/wp-content\/uploads\/2018\/05\/cam-YES-FOOD-01.jpeg 490w,https:\/\/pcs-sn.com\/wp-content\/uploads\/2018\/05\/cam-YES-FOOD-01-948x948.jpeg 948w\" data-src=\"https:\/\/pcs-sn.com\/wp-content\/uploads\/2018\/05\/cam-YES-FOOD-01.jpeg\" \/><\/a><\/div>                                <\/div>\n\n                                <div class=\"aux-overlay-content\">\n                                                                                                            <div class=\"entry-main\">\n\n                                                                        <header class=\"entry-header\">\n                                        <h3 class=\"entry-title aux-hover-move-up\">\n                                            <a href=\"https:\/\/pcs-sn.com\/index.php\/portfolio\/installation-camera-de-surveillance-alarme-yes-food-restaurant\/\">\n                                                Installation Cam\u00e9ra de Surveillance &#038; Alarme (YES FOOD RESTAURANT)                                            <\/a>\n                                        <\/h3>\n                                    <\/header>\n                                                                                                            <div class=\"entry-info aux-hover-move-up aux-delay-1x\">\n                                        <span class=\"entry-tax\">\n                                                                                        <a href=\"https:\/\/pcs-sn.com\/index.php\/portfolio-cat\/securite-electronique\/\" title=\"View all posts in S\u00c9CURIT\u00c9 \u00c9LECTRONIQUE\" rel=\"category\" >S\u00c9CURIT\u00c9 \u00c9LECTRONIQUE<\/a>                                        <\/span>\n                                    <\/div>\n                                                                                                            <\/div>\n                                                                <\/div>\n                        <\/article>\n<\/div><div class=\"aux-iso-item aux-loading aux-col energies-renouvelables\">                         <article class=\"aux-item-overlay aux-hover-active  post-100 portfolio type-portfolio status-publish has-post-thumbnail hentry portfolio-cat-energies-renouvelables portfolio-tag-uncategorized portfolio-filter-uncategorized\" >\n                                <div class=\"entry-media aux-frame-darken aux-frame-zoom \">\n                                    <div class=\"aux-media-frame aux-media-image\"><a href=\"https:\/\/pcs-sn.com\/index.php\/portfolio\/realisation-pilones-extension-reseau-wifi-energie-solaire\/\"><img width=\"490\" height=\"490\" class=\"aux-attachment aux-featured-image attachment-490x490 aux-attachment-id-236 \" alt=\"WhatsApp Image 2020-03-12 at 12.53.52 (1)\" data-ratio=\"1\" data-original-w=\"810\" sizes=\"auto\" data-srcset=\"https:\/\/pcs-sn.com\/wp-content\/uploads\/2018\/05\/WhatsApp-Image-2020-03-12-at-12.53.52-1-150x150.jpeg 150w,https:\/\/pcs-sn.com\/wp-content\/uploads\/2018\/05\/WhatsApp-Image-2020-03-12-at-12.53.52-1-300x300.jpeg 300w,https:\/\/pcs-sn.com\/wp-content\/uploads\/2018\/05\/WhatsApp-Image-2020-03-12-at-12.53.52-1-768x768.jpeg 768w,https:\/\/pcs-sn.com\/wp-content\/uploads\/2018\/05\/WhatsApp-Image-2020-03-12-at-12.53.52-1.jpeg 490w,https:\/\/pcs-sn.com\/wp-content\/uploads\/2018\/05\/WhatsApp-Image-2020-03-12-at-12.53.52-1-800x800.jpeg 800w\" data-src=\"https:\/\/pcs-sn.com\/wp-content\/uploads\/2018\/05\/WhatsApp-Image-2020-03-12-at-12.53.52-1.jpeg\" \/><\/a><\/div>                                <\/div>\n\n                                <div class=\"aux-overlay-content\">\n                                                                                                            <div class=\"entry-main\">\n\n                                                                        <header class=\"entry-header\">\n                                        <h3 class=\"entry-title aux-hover-move-up\">\n                                            <a href=\"https:\/\/pcs-sn.com\/index.php\/portfolio\/realisation-pilones-extension-reseau-wifi-energie-solaire\/\">\n                                                R\u00e9alisation Pilones Extension R\u00e9seau wifi &#038; \u00c9nergie Solaire                                            <\/a>\n                                        <\/h3>\n                                    <\/header>\n                                                                                                            <div class=\"entry-info aux-hover-move-up aux-delay-1x\">\n                                        <span class=\"entry-tax\">\n                                                                                        <a href=\"https:\/\/pcs-sn.com\/index.php\/portfolio-cat\/energies-renouvelables\/\" title=\"View all posts in \u00c9NERGIES RENOUVELABLES\" rel=\"category\" >\u00c9NERGIES RENOUVELABLES<\/a>                                        <\/span>\n                                    <\/div>\n                                                                                                            <\/div>\n                                                                <\/div>\n                        <\/article>\n<\/div><div class=\"aux-iso-item aux-loading aux-col energies-renouvelables\">                         <article class=\"aux-item-overlay aux-hover-active  post-101 portfolio type-portfolio status-publish has-post-thumbnail hentry portfolio-cat-energies-renouvelables portfolio-tag-uncategorized portfolio-filter-uncategorized\" >\n                                <div class=\"entry-media aux-frame-darken aux-frame-zoom \">\n                                    <div class=\"aux-media-frame aux-media-image\"><a href=\"https:\/\/pcs-sn.com\/index.php\/portfolio\/colorful-origami-boats\/\"><img width=\"490\" height=\"490\" class=\"aux-attachment aux-featured-image attachment-490x490 aux-attachment-id-255 \" alt=\"IMG_20230811_135921_156@1643309327\" data-ratio=\"1\" data-original-w=\"768\" sizes=\"auto\" data-srcset=\"https:\/\/pcs-sn.com\/wp-content\/uploads\/2018\/05\/IMG_20230811_135921_156@1643309327-2-150x150.jpg 150w,https:\/\/pcs-sn.com\/wp-content\/uploads\/2018\/05\/IMG_20230811_135921_156@1643309327-2-300x300.jpg 300w,https:\/\/pcs-sn.com\/wp-content\/uploads\/2018\/05\/IMG_20230811_135921_156@1643309327-2.jpg 490w,https:\/\/pcs-sn.com\/wp-content\/uploads\/2018\/05\/IMG_20230811_135921_156@1643309327-2-758x758.jpg 758w\" data-src=\"https:\/\/pcs-sn.com\/wp-content\/uploads\/2018\/05\/IMG_20230811_135921_156@1643309327-2.jpg\" \/><\/a><\/div>                                <\/div>\n\n                                <div class=\"aux-overlay-content\">\n                                                                                                            <div class=\"entry-main\">\n\n                                                                        <header class=\"entry-header\">\n                                        <h3 class=\"entry-title aux-hover-move-up\">\n                                            <a href=\"https:\/\/pcs-sn.com\/index.php\/portfolio\/colorful-origami-boats\/\">\n                                                Installation Syst\u00e8me Solaire                                            <\/a>\n                                        <\/h3>\n                                    <\/header>\n                                                                                                            <div class=\"entry-info aux-hover-move-up aux-delay-1x\">\n                                        <span class=\"entry-tax\">\n                                                                                        <a href=\"https:\/\/pcs-sn.com\/index.php\/portfolio-cat\/energies-renouvelables\/\" title=\"View all posts in \u00c9NERGIES RENOUVELABLES\" rel=\"category\" >\u00c9NERGIES RENOUVELABLES<\/a>                                        <\/span>\n                                    <\/div>\n                                                                                                            <\/div>\n                                                                <\/div>\n                        <\/article>\n<\/div><\/div><script type=\"text\/javascript\">var au307668b6AjaxConfig = {\"title\":\"\",\"cat\":[],\"num\":8,\"only_posts__in\":\"\",\"include\":\"\",\"exclude\":\"\",\"posts_per_page\":-1,\"offset\":\"\",\"order_by\":\"date\",\"order\":\"DESC\",\"exclude_without_media\":\"yes\",\"display_like\":\"no\",\"deeplink\":\"no\",\"use_ajax\":\"no\",\"deeplink_slug\":null,\"show_filters\":\"yes\",\"filter_by\":\"portfolio-cat\",\"filter_style\":\"aux-dropdown-filter\",\"filter_align\":\"aux-right\",\"reveal_transition_duration\":\"600\",\"reveal_between_delay\":\"60\",\"hide_transition_duration\":\"600\",\"hide_between_delay\":\"30\",\"item_style\":\"overlay\",\"tile_style_pattern\":\"default\",\"tiles_item_style\":\"overlay\",\"entry_background_color\":\"\",\"entry_border_color\":\"\",\"paginate\":\"\",\"perpage\":null,\"crop\":true,\"display_title\":\"yes\",\"show_info\":\"yes\",\"display_read_more\":false,\"image_aspect_ratio\":\"1.00\",\"space\":5,\"desktop_cnum\":\"4\",\"tablet_cnum\":\"2\",\"phone_cnum\":\"1\",\"layout\":\"grid\",\"tag\":\"\",\"filter\":\"\",\"extra_classes\":\"\",\"extra_column_classes\":\"\",\"custom_el_id\":\"\",\"template_part_file\":\"recent-portfolio\",\"extra_template_path\":\"\\\/home\\\/u629574152\\\/domains\\\/pcs-sn.com\\\/public_html\\\/wp-content\\\/plugins\\\/auxin-portfolio\\\/public\\\/templates\\\/elements\",\"universal_id\":\"au307668b6\",\"query_args\":[],\"term\":\"\",\"reset_query\":true,\"use_wp_query\":false,\"wp_query_args\":[],\"custom_wp_query\":\"\",\"loadmore_type\":\"\",\"loadmore_label\":\"text\",\"loadmore_per_page\":8,\"term_field\":\"slug\",\"base\":\"aux_recent_portfolios_grid\",\"base_class\":\"aux-widget-recent-portfolios\",\"paged\":\"\",\"override_global_query\":false,\"content\":null,\"skip_wrappers\":false,\"content_width\":2000,\"inview_transition\":\"none\",\"inview_duration\":\"\",\"inview_delay\":\"\",\"inview_repeat\":\"no\",\"inview_offset\":\"\",\"called_from\":\"elementor\"};<\/script><\/section><!-- widget-container -->\t\t<\/div>\n\t\t\t\t<\/div>\n\t\t\t\t\t<\/div>\n\t\t<\/div>\n\t\t\t\t\t\t\t<\/div>\n\t\t<\/section>\n\t\t\t\t\t\t\t<\/div>\n\t\t","protected":false},"excerpt":{"rendered":"<p>Quelquesexemplesde de nos r\u00e9alisations et de nosprojets Chez PCS, notre engagement envers l&#8217;excellence se refl\u00e8te dans nos nombreuses r\u00e9alisations et projets r\u00e9ussis. Nous sommes fiers de partager quelques-unes de nos r\u00e9alisations les plus marquantes qui t\u00e9moignent de notre expertise et de notre engagement envers nos clients. Ces exemples illustrent notre capacit\u00e9 \u00e0 relever des d\u00e9fis [&hellip;]<\/p>\n","protected":false},"author":1,"featured_media":0,"parent":0,"menu_order":0,"comment_status":"closed","ping_status":"closed","template":"","meta":{"_monsterinsights_skip_tracking":false,"_monsterinsights_sitenote_active":false,"_monsterinsights_sitenote_note":"","_monsterinsights_sitenote_category":0,"footnotes":""},"aioseo_notices":[],"_links":{"self":[{"href":"https:\/\/pcs-sn.com\/index.php\/wp-json\/wp\/v2\/pages\/84"}],"collection":[{"href":"https:\/\/pcs-sn.com\/index.php\/wp-json\/wp\/v2\/pages"}],"about":[{"href":"https:\/\/pcs-sn.com\/index.php\/wp-json\/wp\/v2\/types\/page"}],"author":[{"embeddable":true,"href":"https:\/\/pcs-sn.com\/index.php\/wp-json\/wp\/v2\/users\/1"}],"replies":[{"embeddable":true,"href":"https:\/\/pcs-sn.com\/index.php\/wp-json\/wp\/v2\/comments?post=84"}],"version-history":[{"count":7,"href":"https:\/\/pcs-sn.com\/index.php\/wp-json\/wp\/v2\/pages\/84\/revisions"}],"predecessor-version":[{"id":265,"href":"https:\/\/pcs-sn.com\/index.php\/wp-json\/wp\/v2\/pages\/84\/revisions\/265"}],"wp:attachment":[{"href":"https:\/\/pcs-sn.com\/index.php\/wp-json\/wp\/v2\/media?parent=84"}],"curies":[{"name":"wp","href":"https:\/\/api.w.org\/{rel}","templated":true}]}}